{"id":36,"date":"2024-03-19T18:18:26","date_gmt":"2024-03-19T17:18:26","guid":{"rendered":"https:\/\/unasalud.usac.edu.gt\/?page_id=36"},"modified":"2025-06-04T00:04:55","modified_gmt":"2025-06-03T22:04:55","slug":"inicio","status":"publish","type":"page","link":"https:\/\/unasalud.usac.edu.gt\/","title":{"rendered":"INICIO"},"content":{"rendered":"\n<div class=\"wp-block-columns is-layout-flex wp-container-core-columns-is-layout-9d6595d7 wp-block-columns-is-layout-flex\">\n<div class=\"wp-block-column is-layout-flow wp-block-column-is-layout-flow\">\n<figure class=\"wp-block-image size-full is-resized\"><img loading=\"lazy\" decoding=\"async\" width=\"512\" height=\"512\" src=\"http:\/\/unasalud.usac.edu.gt\/wp-content\/uploads\/2024\/03\/cropped-dissUNASALUD2024-02.png\" alt=\"\" class=\"wp-image-28\" style=\"width:262px;height:auto\" srcset=\"https:\/\/unasalud.usac.edu.gt\/wp-content\/uploads\/2024\/03\/cropped-dissUNASALUD2024-02.png 512w, https:\/\/unasalud.usac.edu.gt\/wp-content\/uploads\/2024\/03\/cropped-dissUNASALUD2024-02-300x300.png 300w, https:\/\/unasalud.usac.edu.gt\/wp-content\/uploads\/2024\/03\/cropped-dissUNASALUD2024-02-150x150.png 150w, https:\/\/unasalud.usac.edu.gt\/wp-content\/uploads\/2024\/03\/cropped-dissUNASALUD2024-02-270x270.png 270w, https:\/\/unasalud.usac.edu.gt\/wp-content\/uploads\/2024\/03\/cropped-dissUNASALUD2024-02-192x192.png 192w, https:\/\/unasalud.usac.edu.gt\/wp-content\/uploads\/2024\/03\/cropped-dissUNASALUD2024-02-180x180.png 180w, https:\/\/unasalud.usac.edu.gt\/wp-content\/uploads\/2024\/03\/cropped-dissUNASALUD2024-02-32x32.png 32w\" sizes=\"auto, (max-width: 512px) 100vw, 512px\" \/><\/figure>\n<\/div>\n\n\n\n<div class=\"wp-block-column is-layout-flow wp-block-column-is-layout-flow\">\n<figure class=\"wp-block-image size-full is-resized\"><img loading=\"lazy\" decoding=\"async\" width=\"669\" height=\"960\" src=\"http:\/\/unasalud.usac.edu.gt\/wp-content\/uploads\/2024\/06\/logo-ciencias-quimicas-y-farmacia.jpg\" alt=\"\" class=\"wp-image-104\" style=\"width:183px;height:auto\" srcset=\"https:\/\/unasalud.usac.edu.gt\/wp-content\/uploads\/2024\/06\/logo-ciencias-quimicas-y-farmacia.jpg 669w, https:\/\/unasalud.usac.edu.gt\/wp-content\/uploads\/2024\/06\/logo-ciencias-quimicas-y-farmacia-209x300.jpg 209w\" sizes=\"auto, (max-width: 669px) 100vw, 669px\" \/><\/figure>\n<\/div>\n\n\n\n<div class=\"wp-block-column is-layout-flow wp-block-column-is-layout-flow\">\n<figure class=\"wp-block-image size-full is-resized\"><img loading=\"lazy\" decoding=\"async\" width=\"499\" height=\"546\" src=\"https:\/\/unasalud.usac.edu.gt\/wp-content\/uploads\/2024\/06\/logo-CIH_combined.jpg\" alt=\"\" class=\"wp-image-107\" style=\"width:218px;height:auto\" srcset=\"https:\/\/unasalud.usac.edu.gt\/wp-content\/uploads\/2024\/06\/logo-CIH_combined.jpg 499w, https:\/\/unasalud.usac.edu.gt\/wp-content\/uploads\/2024\/06\/logo-CIH_combined-274x300.jpg 274w\" sizes=\"auto, (max-width: 499px) 100vw, 499px\" \/><\/figure>\n<\/div>\n<\/div>\n\n\n\n<p class=\"has-text-align-center\">La Universidad de San Carlos de Guatemala, en alianza con el Center for International Health ha realizado investigaciones de gran valor en el tema de manejo de residuos s\u00f3lidos, cosecha de lluvia, zoon\u00f3sis, abejas y su importancia. De igual manera realiz\u00f3 con la comisi\u00f3n de Una Sola Salud de la Facultad de Ciencias Qu\u00edmicas y Farmacia la Pol\u00edtica de Una Sola Salud, la cual se espera pueda ser implementada en toda la Universidad.<\/p>\n\n\n\n<p class=\"has-text-align-center\">\u00a1Conoce nuestro trabajo!<\/p>\n","protected":false},"excerpt":{"rendered":"<p>La Universidad de San Carlos de Guatemala, en alianza con el Center for International Health ha realizado investigaciones de gran valor en el tema de manejo de residuos s\u00f3lidos, cosecha de lluvia, zoon\u00f3sis, abejas y su importancia. De igual manera realiz\u00f3 con la comisi\u00f3n de Una Sola Salud de la Facultad de Ciencias Qu\u00edmicas y [&hellip;]<\/p>\n","protected":false},"author":1,"featured_media":0,"parent":0,"menu_order":0,"comment_status":"closed","ping_status":"closed","template":"","meta":{"footnotes":""},"class_list":["post-36","page","type-page","status-publish","czr-hentry"],"_links":{"self":[{"href":"https:\/\/unasalud.usac.edu.gt\/index.php?rest_route=\/wp\/v2\/pages\/36","targetHints":{"allow":["GET"]}}],"collection":[{"href":"https:\/\/unasalud.usac.edu.gt\/index.php?rest_route=\/wp\/v2\/pages"}],"about":[{"href":"https:\/\/unasalud.usac.edu.gt\/index.php?rest_route=\/wp\/v2\/types\/page"}],"author":[{"embeddable":true,"href":"https:\/\/unasalud.usac.edu.gt\/index.php?rest_route=\/wp\/v2\/users\/1"}],"replies":[{"embeddable":true,"href":"https:\/\/unasalud.usac.edu.gt\/index.php?rest_route=%2Fwp%2Fv2%2Fcomments&post=36"}],"version-history":[{"count":24,"href":"https:\/\/unasalud.usac.edu.gt\/index.php?rest_route=\/wp\/v2\/pages\/36\/revisions"}],"predecessor-version":[{"id":278,"href":"https:\/\/unasalud.usac.edu.gt\/index.php?rest_route=\/wp\/v2\/pages\/36\/revisions\/278"}],"wp:attachment":[{"href":"https:\/\/unasalud.usac.edu.gt\/index.php?rest_route=%2Fwp%2Fv2%2Fmedia&parent=36"}],"curies":[{"name":"wp","href":"https:\/\/api.w.org\/{rel}","templated":true}]}}